{"id":3623,"date":"2023-12-05T17:09:34","date_gmt":"2023-12-05T16:09:34","guid":{"rendered":"https:\/\/www.chaletskvacianska.sk\/?page_id=3623"},"modified":"2025-02-10T22:38:43","modified_gmt":"2025-02-10T21:38:43","slug":"o-nas","status":"publish","type":"page","link":"https:\/\/www.chaletskvacianska.sk\/en\/about-us\/","title":{"rendered":"About us"},"content":{"rendered":"<div id=\"section_slanted_onas\" data-vc-full-width=\"true\" data-vc-full-width-init=\"false\" class=\"vc_row wpb_row vc_row-fluid section_slanted_onas vc_custom_1704464159390 vc_row-has-fill sigma-bg-color-transparent sigma-background-position-left-top sigma-title-color-default\"><div class=\"backgorund_onas_right wpb_column vc_column_container vc_col-sm-12 sigma-bg-color-transparent sigma-background-position-left-top sigma-title-color-default\" id=\"backgorund_onas_right\"><div class=\"vc_column-inner\"><div class=\"wpb_wrapper\">\r\n\t\t<div id=\"backgorund_onaaas\" class=\"sigma_custom_heading_wrapper sigma-custom-heading-6592596 sigma-shortcode-wrapper custom-heading-style-1 text-center backgorund_onaaas  vc_custom_1708942782162\">\r\r\n\t\t\t\r\r\n<div class=\"section-title sigma-custom-heading-wrapper\">\r\r\r\n\t\t\r\r\n\t\t<div class=\"sigma-heading-subtitle-wrapper\">\r\r\r\n\t\t\t<p class=\"heading-subtitle\">\r\r\r\n\t\t\t\tTREAT YOURSELF TO THE BEST\r\r\n\t\t\t<\/p>\r\r\r\n\t\t<\/div>\r\r\r\n\t\t\r\r\n\t\t<div class=\"sigma-heading-title-wrapper\">\r\r\r\n\t\t\t<h2 class=\"heading-title\">\r\r\r\n\t\t\t\tThe Chalets Kva\u010dianska dolina are the perfect place to escape from everyday reality.\r\r\n\t\t\t<\/h2>\r\r\r\n\t\t<\/div>\r\r\r\n\t\t\r\r\n<\/div>\r\n\r\n\t\t<\/div>\r\r\n\t\t\n\t<div id=\"image_up_mobile\" class=\"wpb_single_image wpb_content_element vc_align_left\">\n\t\t\n\t\t<figure class=\"wpb_wrapper vc_figure\">\n\t\t\t<div class=\"vc_single_image-wrapper   vc_box_border_grey\"><img loading=\"lazy\" decoding=\"async\" width=\"1400\" height=\"693\" src=\"https:\/\/www.chaletskvacianska.sk\/wp-content\/uploads\/2025\/02\/c-Marek-Hajkovsky-foto-Chalet-Kvauianska-extt-leto-2024_15.jpg\" class=\"vc_single_image-img attachment-full\" alt=\"\" srcset=\"https:\/\/www.chaletskvacianska.sk\/wp-content\/uploads\/2025\/02\/c-Marek-Hajkovsky-foto-Chalet-Kvauianska-extt-leto-2024_15.jpg 1400w, https:\/\/www.chaletskvacianska.sk\/wp-content\/uploads\/2025\/02\/c-Marek-Hajkovsky-foto-Chalet-Kvauianska-extt-leto-2024_15-300x149.jpg 300w, https:\/\/www.chaletskvacianska.sk\/wp-content\/uploads\/2025\/02\/c-Marek-Hajkovsky-foto-Chalet-Kvauianska-extt-leto-2024_15-1024x507.jpg 1024w, https:\/\/www.chaletskvacianska.sk\/wp-content\/uploads\/2025\/02\/c-Marek-Hajkovsky-foto-Chalet-Kvauianska-extt-leto-2024_15-768x380.jpg 768w, https:\/\/www.chaletskvacianska.sk\/wp-content\/uploads\/2025\/02\/c-Marek-Hajkovsky-foto-Chalet-Kvauianska-extt-leto-2024_15-18x9.jpg 18w\" sizes=\"(max-width: 1400px) 100vw, 1400px\" \/><\/div>\n\t\t<\/figure>\n\t<\/div>\n\r\n\t\t<div id=\"up_unas_mobile\" class=\"sigma_custom_heading_wrapper sigma-custom-heading-598480394 sigma-shortcode-wrapper custom-heading-style-1 text-center  vc_custom_1706864859643\">\r\r\n\t\t\t\r\r\n<div class=\"section-title sigma-custom-heading-wrapper\">\r\r\r\n\t\t\r\r\n\t\t<div class=\"sigma-heading-title-wrapper\">\r\r\r\n\t\t\t<h2 class=\"heading-title\">\r\r\r\n\t\t\t\tEnchanting location\r\r\n\t\t\t<\/h2>\r\r\r\n\t\t<\/div>\r\r\r\n\t\t\r\r\n<\/div>\r\n\r\n\t\t<\/div>\r\r\n\t\t\n\t<div class=\"wpb_text_column wpb_content_element  strong_onas\" >\n\t\t<div class=\"wpb_wrapper\">\n\t\t\t<p style=\"text-align: center;\">Breath-taking views, captivating nature, tranquil surroundings, and elegant interiors make our chalets a true mountain paradise, ideal for an active summer retreat amidst stunning nature or an exhilarating skiing holiday.<\/p>\n<p style=\"text-align: center;\"><strong>From the instant we stumbled upon the enchanting Kva\u010dianska Valley, we knew that this unique place, nestled on the border of Orava and Liptov, was destined to become an unparalleled destination for uninterrupted rest. Captivated by its charm, we resolved to share its magic with the world through our chalets, inviting all who seek a perfect holiday amidst nature's embrace.<\/strong><\/p>\n<p style=\"text-align: center;\">While our chalets are located in a haven of true tranquillity, they are also within easy reach of popular ski resorts, cross-country ski and apr\u00e8s-ski trails, picturesque hiking trails and anything else you might wish for in a summer or a winter escape from the everyday hustle. The decision is yours to make: whether you yearn to explore new valleys or embrace thrilling challenges, with dozens of mountain climbs ranging from leisurely to ones that test your limits, as well as opportunities for cycling, paragliding, scenic helicopter flights, rock climbing, and mountain biking, there's an adventure waiting for every explorer.<\/p>\n<p style=\"text-align: center;\"><strong>We're confident that our chalets and the surrounding landscape will captivate you, just as they have captivated countless other guests before you, and will become a source of many unforgettable memories.<\/strong><\/p>\n\n\t\t<\/div>\n\t<\/div>\n\n\t<div id=\"index_viac_onas\" class=\"wpb_single_image wpb_content_element vc_align_center  vc_custom_1706890449136\">\n\t\t\n\t\t<figure class=\"wpb_wrapper vc_figure\">\n\t\t\t<div class=\"vc_single_image-wrapper   vc_box_border_grey\"><img loading=\"lazy\" decoding=\"async\" width=\"878\" height=\"503\" src=\"https:\/\/www.chaletskvacianska.sk\/wp-content\/uploads\/2023\/12\/Gallery_Fotky.png\" class=\"vc_single_image-img attachment-full\" alt=\"\" srcset=\"https:\/\/www.chaletskvacianska.sk\/wp-content\/uploads\/2023\/12\/Gallery_Fotky.png 878w, https:\/\/www.chaletskvacianska.sk\/wp-content\/uploads\/2023\/12\/Gallery_Fotky-300x172.png 300w, https:\/\/www.chaletskvacianska.sk\/wp-content\/uploads\/2023\/12\/Gallery_Fotky-768x440.png 768w\" sizes=\"(max-width: 878px) 100vw, 878px\" \/><\/div>\n\t\t<\/figure>\n\t<\/div>\n<div class=\"vc_btn3-container vc_btn3-center\" ><a class=\"vc_general vc_btn3 vc_btn3-size-lg vc_btn3-shape-square vc_btn3-style-custom vc_btn3-color-grey\" href=\"https:\/\/www.chaletskvacianska.sk\/en\/accommodation\/\" title=\"Offers\">RESERVE<\/a><\/div><\/div><\/div><\/div><\/div><div class=\"vc_row-full-width vc_clearfix\"><\/div><div id=\"listnaty\" data-vc-full-width=\"true\" data-vc-full-width-init=\"false\" data-vc-stretch-content=\"true\" class=\"vc_row wpb_row vc_row-fluid listnaty sigma-bg-color-transparent sigma-background-position-left-top sigma-title-color-default vc_row-no-padding\"><div class=\"wpb_column vc_column_container vc_col-sm-12 sigma-bg-color-transparent sigma-background-position-left-top sigma-title-color-default\"><div class=\"vc_column-inner\"><div class=\"wpb_wrapper\">\n\t<div  class=\"wpb_single_image wpb_content_element vc_align_left\">\n\t\t\n\t\t<figure class=\"wpb_wrapper vc_figure\">\n\t\t\t<div class=\"vc_single_image-wrapper   vc_box_border_grey\"><img loading=\"lazy\" decoding=\"async\" width=\"525\" height=\"755\" src=\"https:\/\/www.chaletskvacianska.sk\/wp-content\/uploads\/2023\/12\/red_oak_branch-1.png\" class=\"vc_single_image-img attachment-full\" alt=\"\" srcset=\"https:\/\/www.chaletskvacianska.sk\/wp-content\/uploads\/2023\/12\/red_oak_branch-1.png 525w, https:\/\/www.chaletskvacianska.sk\/wp-content\/uploads\/2023\/12\/red_oak_branch-1-209x300.png 209w\" sizes=\"(max-width: 525px) 100vw, 525px\" \/><\/div>\n\t\t<\/figure>\n\t<\/div>\n<\/div><\/div><\/div><\/div><div class=\"vc_row-full-width vc_clearfix\"><\/div><div id=\"ihlicnaty\" data-vc-full-width=\"true\" data-vc-full-width-init=\"false\" data-vc-stretch-content=\"true\" class=\"vc_row wpb_row vc_row-fluid ihlicnaty sigma-bg-color-transparent sigma-background-position-left-top sigma-title-color-default vc_row-no-padding\"><div class=\"wpb_column vc_column_container vc_col-sm-12 sigma-bg-color-transparent sigma-background-position-left-top sigma-title-color-default\"><div class=\"vc_column-inner\"><div class=\"wpb_wrapper\">\n\t<div  class=\"wpb_single_image wpb_content_element vc_align_right\">\n\t\t\n\t\t<figure class=\"wpb_wrapper vc_figure\">\n\t\t\t<div class=\"vc_single_image-wrapper   vc_box_border_grey\"><img loading=\"lazy\" decoding=\"async\" width=\"503\" height=\"797\" src=\"https:\/\/www.chaletskvacianska.sk\/wp-content\/uploads\/2023\/12\/fern.png\" class=\"vc_single_image-img attachment-full\" alt=\"\" srcset=\"https:\/\/www.chaletskvacianska.sk\/wp-content\/uploads\/2023\/12\/fern.png 503w, https:\/\/www.chaletskvacianska.sk\/wp-content\/uploads\/2023\/12\/fern-189x300.png 189w\" sizes=\"(max-width: 503px) 100vw, 503px\" \/><\/div>\n\t\t<\/figure>\n\t<\/div>\n<\/div><\/div><\/div><\/div><div class=\"vc_row-full-width vc_clearfix\"><\/div>","protected":false},"excerpt":{"rendered":"DOPRAJTE SI TO NAJLEP\u0160IE Chalets Kva\u010dianska dolina s\u00fa dokonal\u00fdm miestom na \u00fanik od ka\u017edodennej reality. \u010carovn\u00e1 lokalita Prekr\u00e1sne v\u00fdh\u013eady, o\u010daruj\u00faca pr\u00edroda, tich\u00e9 prostredie a elegantn\u00fd interi\u00e9r z na\u0161ich chaletov robia skuto\u010dn\u00fd horsk\u00fd raj, ktor\u00fd je ide\u00e1lnym miestom na akt\u00edvnu letn\u00fa dovolenku v prekr\u00e1snej pr\u00edrode alebo ly\u017eova\u010dku pln\u00fa z\u00e1\u017eitkov. Od momentu, kedy sme objavili \u010darovn\u00fa lokalitu [...]","protected":false},"author":1,"featured_media":0,"parent":0,"menu_order":0,"comment_status":"closed","ping_status":"closed","template":"","meta":{"inline_featured_image":false,"footnotes":""},"yoast_head":"<!-- This site is optimized with the Yoast SEO plugin v22.5 - https:\/\/yoast.com\/wordpress\/plugins\/seo\/ -->\n<title>O n\u00e1s - Chalets Kva\u010dianska dolina<\/title>\n<meta name=\"robots\" content=\"index, follow, max-snippet:-1, max-image-preview:large, max-video-preview:-1\" \/>\n<link rel=\"canonical\" href=\"https:\/\/www.chaletskvacianska.sk\/en\/about-us\/\" \/>\n<meta property=\"og:locale\" content=\"en_GB\" \/>\n<meta property=\"og:type\" content=\"article\" \/>\n<meta property=\"og:title\" content=\"O n\u00e1s - Chalets Kva\u010dianska dolina\" \/>\n<meta property=\"og:url\" content=\"https:\/\/www.chaletskvacianska.sk\/en\/about-us\/\" \/>\n<meta property=\"og:site_name\" content=\"Chalets Kva\u010dianska dolina\" \/>\n<meta property=\"article:modified_time\" content=\"2025-02-10T21:38:43+00:00\" \/>\n<meta name=\"twitter:card\" content=\"summary_large_image\" \/>\n<meta name=\"twitter:label1\" content=\"Estimated reading time\" \/>\n\t<meta name=\"twitter:data1\" content=\"3 minutes\" \/>\n<script type=\"application\/ld+json\" class=\"yoast-schema-graph\">{\"@context\":\"https:\/\/schema.org\",\"@graph\":[{\"@type\":\"WebPage\",\"@id\":\"https:\/\/www.chaletskvacianska.sk\/o-nas\/\",\"url\":\"https:\/\/www.chaletskvacianska.sk\/o-nas\/\",\"name\":\"O n\u00e1s - Chalets Kva\u010dianska dolina\",\"isPartOf\":{\"@id\":\"https:\/\/www.chaletskvacianska.sk\/#website\"},\"datePublished\":\"2023-12-05T16:09:34+00:00\",\"dateModified\":\"2025-02-10T21:38:43+00:00\",\"breadcrumb\":{\"@id\":\"https:\/\/www.chaletskvacianska.sk\/o-nas\/#breadcrumb\"},\"inLanguage\":\"en-GB\",\"potentialAction\":[{\"@type\":\"ReadAction\",\"target\":[\"https:\/\/www.chaletskvacianska.sk\/o-nas\/\"]}]},{\"@type\":\"BreadcrumbList\",\"@id\":\"https:\/\/www.chaletskvacianska.sk\/o-nas\/#breadcrumb\",\"itemListElement\":[{\"@type\":\"ListItem\",\"position\":1,\"name\":\"Home\",\"item\":\"https:\/\/www.chaletskvacianska.sk\/\"},{\"@type\":\"ListItem\",\"position\":2,\"name\":\"O n\u00e1s\"}]},{\"@type\":\"WebSite\",\"@id\":\"https:\/\/www.chaletskvacianska.sk\/#website\",\"url\":\"https:\/\/www.chaletskvacianska.sk\/\",\"name\":\"Chalets Kva\u010dianska dolina\",\"description\":\"Doprajte si relax v srdci pr\u00edrody, vychutn\u00e1vajte si va\u0161e ob\u013e\u00faben\u00e9 \u0161portov\u00e9 aktivity a objavujte tie najkraj\u0161ie miesta na Slovensku. V na\u0161ich unik\u00e1tnych chaletoch za\u017eijete dovolenku, na ktor\u00fa len tak skoro nezabudnete.\",\"publisher\":{\"@id\":\"https:\/\/www.chaletskvacianska.sk\/#organization\"},\"potentialAction\":[{\"@type\":\"SearchAction\",\"target\":{\"@type\":\"EntryPoint\",\"urlTemplate\":\"https:\/\/www.chaletskvacianska.sk\/?s={search_term_string}\"},\"query-input\":\"required name=search_term_string\"}],\"inLanguage\":\"en-GB\"},{\"@type\":\"Organization\",\"@id\":\"https:\/\/www.chaletskvacianska.sk\/#organization\",\"name\":\"Chalets Kva\u010dianska dolina\",\"url\":\"https:\/\/www.chaletskvacianska.sk\/\",\"logo\":{\"@type\":\"ImageObject\",\"inLanguage\":\"en-GB\",\"@id\":\"https:\/\/www.chaletskvacianska.sk\/#\/schema\/logo\/image\/\",\"url\":\"https:\/\/www.chaletskvacianska.sk\/wp-content\/uploads\/2023\/12\/Kvacianska-Logo-Gold.svg\",\"contentUrl\":\"https:\/\/www.chaletskvacianska.sk\/wp-content\/uploads\/2023\/12\/Kvacianska-Logo-Gold.svg\",\"caption\":\"Chalets Kva\u010dianska dolina\"},\"image\":{\"@id\":\"https:\/\/www.chaletskvacianska.sk\/#\/schema\/logo\/image\/\"}}]}<\/script>\n<!-- \/ Yoast SEO plugin. -->","yoast_head_json":{"title":"O n\u00e1s - Chalets Kva\u010dianska dolina","robots":{"index":"index","follow":"follow","max-snippet":"max-snippet:-1","max-image-preview":"max-image-preview:large","max-video-preview":"max-video-preview:-1"},"canonical":"https:\/\/www.chaletskvacianska.sk\/en\/about-us\/","og_locale":"en_GB","og_type":"article","og_title":"O n\u00e1s - Chalets Kva\u010dianska dolina","og_url":"https:\/\/www.chaletskvacianska.sk\/en\/about-us\/","og_site_name":"Chalets Kva\u010dianska dolina","article_modified_time":"2025-02-10T21:38:43+00:00","twitter_card":"summary_large_image","twitter_misc":{"Estimated reading time":"3 minutes"},"schema":{"@context":"https:\/\/schema.org","@graph":[{"@type":"WebPage","@id":"https:\/\/www.chaletskvacianska.sk\/o-nas\/","url":"https:\/\/www.chaletskvacianska.sk\/o-nas\/","name":"O n\u00e1s - Chalets Kva\u010dianska dolina","isPartOf":{"@id":"https:\/\/www.chaletskvacianska.sk\/#website"},"datePublished":"2023-12-05T16:09:34+00:00","dateModified":"2025-02-10T21:38:43+00:00","breadcrumb":{"@id":"https:\/\/www.chaletskvacianska.sk\/o-nas\/#breadcrumb"},"inLanguage":"en-GB","potentialAction":[{"@type":"ReadAction","target":["https:\/\/www.chaletskvacianska.sk\/o-nas\/"]}]},{"@type":"BreadcrumbList","@id":"https:\/\/www.chaletskvacianska.sk\/o-nas\/#breadcrumb","itemListElement":[{"@type":"ListItem","position":1,"name":"Home","item":"https:\/\/www.chaletskvacianska.sk\/"},{"@type":"ListItem","position":2,"name":"O n\u00e1s"}]},{"@type":"WebSite","@id":"https:\/\/www.chaletskvacianska.sk\/#website","url":"https:\/\/www.chaletskvacianska.sk\/","name":"Chalets Kva\u010dianska dolina","description":"Doprajte si relax v srdci pr\u00edrody, vychutn\u00e1vajte si va\u0161e ob\u013e\u00faben\u00e9 \u0161portov\u00e9 aktivity a objavujte tie najkraj\u0161ie miesta na Slovensku. V na\u0161ich unik\u00e1tnych chaletoch za\u017eijete dovolenku, na ktor\u00fa len tak skoro nezabudnete.","publisher":{"@id":"https:\/\/www.chaletskvacianska.sk\/#organization"},"potentialAction":[{"@type":"SearchAction","target":{"@type":"EntryPoint","urlTemplate":"https:\/\/www.chaletskvacianska.sk\/?s={search_term_string}"},"query-input":"required name=search_term_string"}],"inLanguage":"en-GB"},{"@type":"Organization","@id":"https:\/\/www.chaletskvacianska.sk\/#organization","name":"Chalets Kva\u010dianska dolina","url":"https:\/\/www.chaletskvacianska.sk\/","logo":{"@type":"ImageObject","inLanguage":"en-GB","@id":"https:\/\/www.chaletskvacianska.sk\/#\/schema\/logo\/image\/","url":"https:\/\/www.chaletskvacianska.sk\/wp-content\/uploads\/2023\/12\/Kvacianska-Logo-Gold.svg","contentUrl":"https:\/\/www.chaletskvacianska.sk\/wp-content\/uploads\/2023\/12\/Kvacianska-Logo-Gold.svg","caption":"Chalets Kva\u010dianska dolina"},"image":{"@id":"https:\/\/www.chaletskvacianska.sk\/#\/schema\/logo\/image\/"}}]}},"_links":{"self":[{"href":"https:\/\/www.chaletskvacianska.sk\/en\/wp-json\/wp\/v2\/pages\/3623"}],"collection":[{"href":"https:\/\/www.chaletskvacianska.sk\/en\/wp-json\/wp\/v2\/pages"}],"about":[{"href":"https:\/\/www.chaletskvacianska.sk\/en\/wp-json\/wp\/v2\/types\/page"}],"author":[{"embeddable":true,"href":"https:\/\/www.chaletskvacianska.sk\/en\/wp-json\/wp\/v2\/users\/1"}],"replies":[{"embeddable":true,"href":"https:\/\/www.chaletskvacianska.sk\/en\/wp-json\/wp\/v2\/comments?post=3623"}],"version-history":[{"count":6,"href":"https:\/\/www.chaletskvacianska.sk\/en\/wp-json\/wp\/v2\/pages\/3623\/revisions"}],"predecessor-version":[{"id":7952,"href":"https:\/\/www.chaletskvacianska.sk\/en\/wp-json\/wp\/v2\/pages\/3623\/revisions\/7952"}],"wp:attachment":[{"href":"https:\/\/www.chaletskvacianska.sk\/en\/wp-json\/wp\/v2\/media?parent=3623"}],"curies":[{"name":"wp","href":"https:\/\/api.w.org\/{rel}","templated":true}]}}