{"id":1178,"date":"2023-05-02T14:33:59","date_gmt":"2023-05-02T12:33:59","guid":{"rendered":"https:\/\/www.chaletskvacianska.sk\/search-results-2\/"},"modified":"2024-04-16T16:26:10","modified_gmt":"2024-04-16T14:26:10","slug":"vysledky-vyhladavania","status":"publish","type":"page","link":"https:\/\/www.chaletskvacianska.sk\/en\/search-results\/","title":{"rendered":"V\u00fdsledky vyh\u013ead\u00e1vania"},"content":{"rendered":"<div class=\"vc_row wpb_row vc_row-fluid sigma-bg-color-transparent sigma-background-position-left-top sigma-title-color-default\"><div class=\"wpb_column vc_column_container vc_col-sm-12 sigma-bg-color-transparent sigma-background-position-left-top sigma-title-color-default\"><div class=\"vc_column-inner\"><div class=\"wpb_wrapper\">\t\t<div id=\"index_form\" class=\"sigma_booking_form_wrapper sigma-booking-form-814258603 sigma-shortcode-wrapper index_form booking-form-style-1  vc_custom_1713277297992\">\r\n\t\t\t\r\n<div class=\"sigma_booking-form style-1\">\r\n  <div class=\"mphb_sc_search-wrapper\"><form method=\"GET\" class=\"mphb_sc_search-form\" action=\"https:\/\/www.chaletskvacianska.sk\/en\/search-results\/\" data-trp-original-action=\"https:\/\/www.chaletskvacianska.sk\/en\/search-results\/\">\n\n\t<p class = \"mphb-required-fields-tip\">\r\n\t<small>\r\n\t\tRequired fields are followed by\t\t<abbr title=\"required\">*<\/abbr>\r\n\t<\/small>\r\n<\/p>\r\n\n\t<p class=\"mphb_sc_search-check-in-date\">\n\t\t<label for=\"mphb_check_in_date-mphb-search-form-69f2e7640e548\">\n\t\t\tCheck-in\t\t\t<abbr title=\"Formatted as dd\/mm\/yyyy\">*<\/abbr>\n\t\t<\/label>\n\t\t<br \/>\n\t\t<input\n\t\t\tid=\"mphb_check_in_date-mphb-search-form-69f2e7640e548\"\n\t\t\tdata-datepick-group=\"mphb-search-form-69f2e7640e548\"\n\t\t\tvalue=\"\"\n\t\t\tplaceholder=\"Check-in Date\"\n\t\t\trequired=\"required\"\n\t\t\ttype=\"text\"\n\t\t\tname=\"mphb_check_in_date\"\n\t\t\tclass=\"mphb-datepick\"\n\t\t\tautocomplete=\"off\"\n\t\t\t\/>\n\t<\/p>\n\n\t<p class=\"mphb_sc_search-check-out-date\">\n\t\t<label for=\"mphb_check_out_date-mphb-search-form-69f2e7640e548\">\n\t\t\tCheck-out\t\t\t<abbr title=\"Formatted as dd\/mm\/yyyy\">*<\/abbr>\n\t\t<\/label>\n\t\t<br \/>\n\n<input\n    id=\"mphb_check_out_date-mphb-search-form-69f2e7640e548\"\n    data-datepick-group=\"mphb-search-form-69f2e7640e548\"\n    value=\"\"\n    placeholder=\"Check-out Date\"\n    required=\"required\"\n    type=\"text\"\n    name=\"mphb_check_out_date\"\n    class=\"mphb-datepick\"\n    autocomplete=\"off\"\n\/>\n\t<\/p>\n\n\t\t\t<p class=\"mphb_sc_search-adults\">\n\t\t\t<label for=\"mphb_adults-mphb-search-form-69f2e7640e548\">\n\t\t\t\tGuests\t\t\t<\/label>\n\t\t\t<br \/>\n\t\t\t<select id=\"mphb_adults-mphb-search-form-69f2e7640e548\" name=\"mphb_adults\" >\n\t\t\t\t\t\t\t\t\t<option value=\"1\"  selected='selected'>1<\/option>\n\t\t\t\t\t\t\t\t\t<option value=\"2\" >2<\/option>\n\t\t\t\t\t\t\t\t\t<option value=\"3\" >3<\/option>\n\t\t\t\t\t\t\t\t\t<option value=\"4\" >4<\/option>\n\t\t\t\t\t\t\t\t\t<option value=\"5\" >5<\/option>\n\t\t\t\t\t\t\t\t\t<option value=\"6\" >6<\/option>\n\t\t\t\t\t\t\t\t\t<option value=\"7\" >7<\/option>\n\t\t\t\t\t\t\t\t\t<option value=\"8\" >8<\/option>\n\t\t\t\t\t\t\t\t\t<option value=\"9\" >9<\/option>\n\t\t\t\t\t\t\t\t\t<option value=\"10\" >10<\/option>\n\t\t\t\t\t\t\t\t\t<option value=\"11\" >11<\/option>\n\t\t\t\t\t\t\t\t\t<option value=\"12\" >12<\/option>\n\t\t\t\t\t\t\t\t\t<option value=\"13\" >13<\/option>\n\t\t\t\t\t\t\t\t\t<option value=\"14\" >14<\/option>\n\t\t\t\t\t\t\t\t\t<option value=\"15\" >15<\/option>\n\t\t\t\t\t\t\t\t\t<option value=\"16\" >16<\/option>\n\t\t\t\t\t\t\t\t\t<option value=\"17\" >17<\/option>\n\t\t\t\t\t\t\t\t\t<option value=\"18\" >18<\/option>\n\t\t\t\t\t\t\t\t\t<option value=\"19\" >19<\/option>\n\t\t\t\t\t\t\t\t\t<option value=\"20\" >20<\/option>\n\t\t\t\t\t\t\t\t\t<option value=\"21\" >21<\/option>\n\t\t\t\t\t\t\t\t\t<option value=\"22\" >22<\/option>\n\t\t\t\t\t\t\t\t\t<option value=\"23\" >23<\/option>\n\t\t\t\t\t\t\t\t\t<option value=\"24\" >24<\/option>\n\t\t\t\t\t\t\t\t\t<option value=\"25\" >25<\/option>\n\t\t\t\t\t\t\t\t\t<option value=\"26\" >26<\/option>\n\t\t\t\t\t\t\t\t\t<option value=\"27\" >27<\/option>\n\t\t\t\t\t\t\t\t\t<option value=\"28\" >28<\/option>\n\t\t\t\t\t\t\t\t\t<option value=\"29\" >29<\/option>\n\t\t\t\t\t\t\t\t\t<option value=\"30\" >30<\/option>\n\t\t\t\t\t\t\t<\/select>\n\t\t<\/p>\n\t\n\t\t\t<input type=\"hidden\" id=\"mphb_children-mphb-search-form-69f2e7640e548\" name=\"mphb_children\" value=\"0\" \/>\n\t\n\t\n\t\n\t<input id=\"mphb_check_in_date-mphb-search-form-69f2e7640e548-hidden\" value=\"\" type=\"hidden\" name=\"mphb_check_in_date\" \/><input id=\"mphb_check_out_date-mphb-search-form-69f2e7640e548-hidden\" value=\"\" type=\"hidden\" name=\"mphb_check_out_date\" \/>\n\t<p class=\"mphb_sc_search-submit-button-wrapper\">\n\t\t<input type=\"submit\" class=\"button\" value=\"Search\"\/>\n\t<\/p>\n\n\t\n<input type=\"hidden\" name=\"trp-form-language\" value=\"en\"\/><\/form><\/div><\/div>\r\n\t\t<\/div>\r\n\t\t\n\t<div class=\"wpb_text_column wpb_content_element  vc_custom_1713277313168\" >\n\t\t<div class=\"wpb_wrapper\">\n\t\t\t<div class=\"mphb_sc_search_results-wrapper\"><div class=\"mphb-errors-wrapper\">\r\n\t<\/div>\r\n\r\n<\/div>\n\n\t\t<\/div>\n\t<\/div>\n<\/div><\/div><\/div><\/div><div id=\"index_images_foot\" class=\"vc_row wpb_row vc_row-fluid vc_custom_1713277568437 sigma-bg-color-transparent sigma-background-position-left-top sigma-title-color-default\"><div class=\"wpb_column vc_column_container vc_col-sm-12 sigma-bg-color-transparent sigma-background-position-left-top sigma-title-color-default\" id=\"index_images_foot\"><div class=\"vc_column-inner\"><div class=\"wpb_wrapper\">\n\t<div id=\"index_fotky_foooter\" class=\"wpb_single_image wpb_content_element vc_align_center  vc_custom_1713275329212\">\n\t\t\n\t\t<figure class=\"wpb_wrapper vc_figure\">\n\t\t\t<div class=\"vc_single_image-wrapper   vc_box_border_grey\"><img loading=\"lazy\" decoding=\"async\" width=\"878\" height=\"503\" src=\"https:\/\/www.chaletskvacianska.sk\/wp-content\/uploads\/2024\/04\/kolaz-2.png\" class=\"vc_single_image-img attachment-full\" alt=\"\" srcset=\"https:\/\/www.chaletskvacianska.sk\/wp-content\/uploads\/2024\/04\/kolaz-2.png 878w, https:\/\/www.chaletskvacianska.sk\/wp-content\/uploads\/2024\/04\/kolaz-2-300x172.png 300w, https:\/\/www.chaletskvacianska.sk\/wp-content\/uploads\/2024\/04\/kolaz-2-768x440.png 768w\" sizes=\"(max-width: 878px) 100vw, 878px\" \/><\/div>\n\t\t<\/figure>\n\t<\/div>\n<\/div><\/div><\/div><\/div><div id=\"images_foooter\" data-vc-full-width=\"true\" data-vc-full-width-init=\"false\" data-vc-stretch-content=\"true\" class=\"vc_row wpb_row vc_row-fluid sigma-bg-color-transparent sigma-background-position-left-top sigma-title-color-default vc_row-no-padding\"><div class=\"wpb_column vc_column_container vc_col-sm-12 sigma-bg-color-transparent sigma-background-position-left-top sigma-title-color-default\"><div class=\"vc_column-inner\"><div class=\"wpb_wrapper\"><div class=\"vc_empty_space\" id=\"images_foooter\"  style=\"height: 0px\"><span class=\"vc_empty_space_inner\"><\/span><\/div><\/div><\/div><\/div><\/div><div class=\"vc_row-full-width vc_clearfix\"><\/div>","protected":false},"excerpt":{"rendered":"Required fields are followed by * Check-in * Check-out * Guests 1 2 3 4 5 6 7 8 9 10 11 12 13 14 15 16 17 18 19 20 21 22 23 24 25 26 27 28 29 30","protected":false},"author":1,"featured_media":1787,"parent":0,"menu_order":0,"comment_status":"closed","ping_status":"closed","template":"","meta":{"inline_featured_image":false,"footnotes":""},"yoast_head":"<!-- This site is optimized with the Yoast SEO plugin v22.5 - https:\/\/yoast.com\/wordpress\/plugins\/seo\/ -->\n<title>Chalets Kva\u010dianska dolina<\/title>\n<meta name=\"robots\" content=\"index, follow, max-snippet:-1, max-image-preview:large, max-video-preview:-1\" \/>\n<link rel=\"canonical\" href=\"https:\/\/www.chaletskvacianska.sk\/en\/search-results\/\" \/>\n<meta property=\"og:locale\" content=\"en_GB\" \/>\n<meta property=\"og:type\" content=\"article\" \/>\n<meta property=\"og:title\" content=\"Chalets Kva\u010dianska dolina\" \/>\n<meta property=\"og:url\" content=\"https:\/\/www.chaletskvacianska.sk\/en\/search-results\/\" \/>\n<meta property=\"og:site_name\" content=\"Chalets Kva\u010dianska dolina\" \/>\n<meta property=\"article:modified_time\" content=\"2024-04-16T14:26:10+00:00\" \/>\n<meta property=\"og:image\" content=\"https:\/\/www.chaletskvacianska.sk\/wp-content\/uploads\/2023\/05\/kontakt-min-scaled.jpg\" \/>\n\t<meta property=\"og:image:width\" content=\"2560\" \/>\n\t<meta property=\"og:image:height\" content=\"604\" \/>\n\t<meta property=\"og:image:type\" content=\"image\/jpeg\" \/>\n<meta name=\"twitter:card\" content=\"summary_large_image\" \/>\n<meta name=\"twitter:label1\" content=\"Estimated reading time\" \/>\n\t<meta name=\"twitter:data1\" content=\"1 minute\" \/>\n<script type=\"application\/ld+json\" class=\"yoast-schema-graph\">{\"@context\":\"https:\/\/schema.org\",\"@graph\":[{\"@type\":\"WebPage\",\"@id\":\"https:\/\/www.chaletskvacianska.sk\/vysledky-vyhladavania\/\",\"url\":\"https:\/\/www.chaletskvacianska.sk\/vysledky-vyhladavania\/\",\"name\":\"Chalets Kva\u010dianska dolina\",\"isPartOf\":{\"@id\":\"https:\/\/www.chaletskvacianska.sk\/#website\"},\"primaryImageOfPage\":{\"@id\":\"https:\/\/www.chaletskvacianska.sk\/vysledky-vyhladavania\/#primaryimage\"},\"image\":{\"@id\":\"https:\/\/www.chaletskvacianska.sk\/vysledky-vyhladavania\/#primaryimage\"},\"thumbnailUrl\":\"https:\/\/www.chaletskvacianska.sk\/wp-content\/uploads\/2023\/05\/kontakt-min-scaled.jpg\",\"datePublished\":\"2023-05-02T12:33:59+00:00\",\"dateModified\":\"2024-04-16T14:26:10+00:00\",\"breadcrumb\":{\"@id\":\"https:\/\/www.chaletskvacianska.sk\/vysledky-vyhladavania\/#breadcrumb\"},\"inLanguage\":\"en-GB\",\"potentialAction\":[{\"@type\":\"ReadAction\",\"target\":[\"https:\/\/www.chaletskvacianska.sk\/vysledky-vyhladavania\/\"]}]},{\"@type\":\"ImageObject\",\"inLanguage\":\"en-GB\",\"@id\":\"https:\/\/www.chaletskvacianska.sk\/vysledky-vyhladavania\/#primaryimage\",\"url\":\"https:\/\/www.chaletskvacianska.sk\/wp-content\/uploads\/2023\/05\/kontakt-min-scaled.jpg\",\"contentUrl\":\"https:\/\/www.chaletskvacianska.sk\/wp-content\/uploads\/2023\/05\/kontakt-min-scaled.jpg\",\"width\":2560,\"height\":604},{\"@type\":\"BreadcrumbList\",\"@id\":\"https:\/\/www.chaletskvacianska.sk\/vysledky-vyhladavania\/#breadcrumb\",\"itemListElement\":[{\"@type\":\"ListItem\",\"position\":1,\"name\":\"Home\",\"item\":\"https:\/\/www.chaletskvacianska.sk\/\"},{\"@type\":\"ListItem\",\"position\":2,\"name\":\"V\u00fdsledky vyh\u013ead\u00e1vania\"}]},{\"@type\":\"WebSite\",\"@id\":\"https:\/\/www.chaletskvacianska.sk\/#website\",\"url\":\"https:\/\/www.chaletskvacianska.sk\/\",\"name\":\"Chalets Kva\u010dianska dolina\",\"description\":\"Doprajte si relax v srdci pr\u00edrody, vychutn\u00e1vajte si va\u0161e ob\u013e\u00faben\u00e9 \u0161portov\u00e9 aktivity a objavujte tie najkraj\u0161ie miesta na Slovensku. V na\u0161ich unik\u00e1tnych chaletoch za\u017eijete dovolenku, na ktor\u00fa len tak skoro nezabudnete.\",\"publisher\":{\"@id\":\"https:\/\/www.chaletskvacianska.sk\/#organization\"},\"potentialAction\":[{\"@type\":\"SearchAction\",\"target\":{\"@type\":\"EntryPoint\",\"urlTemplate\":\"https:\/\/www.chaletskvacianska.sk\/?s={search_term_string}\"},\"query-input\":\"required name=search_term_string\"}],\"inLanguage\":\"en-GB\"},{\"@type\":\"Organization\",\"@id\":\"https:\/\/www.chaletskvacianska.sk\/#organization\",\"name\":\"Chalets Kva\u010dianska dolina\",\"url\":\"https:\/\/www.chaletskvacianska.sk\/\",\"logo\":{\"@type\":\"ImageObject\",\"inLanguage\":\"en-GB\",\"@id\":\"https:\/\/www.chaletskvacianska.sk\/#\/schema\/logo\/image\/\",\"url\":\"https:\/\/www.chaletskvacianska.sk\/wp-content\/uploads\/2023\/12\/Kvacianska-Logo-Gold.svg\",\"contentUrl\":\"https:\/\/www.chaletskvacianska.sk\/wp-content\/uploads\/2023\/12\/Kvacianska-Logo-Gold.svg\",\"caption\":\"Chalets Kva\u010dianska dolina\"},\"image\":{\"@id\":\"https:\/\/www.chaletskvacianska.sk\/#\/schema\/logo\/image\/\"}}]}<\/script>\n<!-- \/ Yoast SEO plugin. -->","yoast_head_json":{"title":"Chalets Kva\u010dianska dolina","robots":{"index":"index","follow":"follow","max-snippet":"max-snippet:-1","max-image-preview":"max-image-preview:large","max-video-preview":"max-video-preview:-1"},"canonical":"https:\/\/www.chaletskvacianska.sk\/en\/search-results\/","og_locale":"en_GB","og_type":"article","og_title":"Chalets Kva\u010dianska dolina","og_url":"https:\/\/www.chaletskvacianska.sk\/en\/search-results\/","og_site_name":"Chalets Kva\u010dianska dolina","article_modified_time":"2024-04-16T14:26:10+00:00","og_image":[{"width":2560,"height":604,"url":"https:\/\/www.chaletskvacianska.sk\/wp-content\/uploads\/2023\/05\/kontakt-min-scaled.jpg","type":"image\/jpeg"}],"twitter_card":"summary_large_image","twitter_misc":{"Estimated reading time":"1 minute"},"schema":{"@context":"https:\/\/schema.org","@graph":[{"@type":"WebPage","@id":"https:\/\/www.chaletskvacianska.sk\/vysledky-vyhladavania\/","url":"https:\/\/www.chaletskvacianska.sk\/vysledky-vyhladavania\/","name":"Chalets Kva\u010dianska dolina","isPartOf":{"@id":"https:\/\/www.chaletskvacianska.sk\/#website"},"primaryImageOfPage":{"@id":"https:\/\/www.chaletskvacianska.sk\/vysledky-vyhladavania\/#primaryimage"},"image":{"@id":"https:\/\/www.chaletskvacianska.sk\/vysledky-vyhladavania\/#primaryimage"},"thumbnailUrl":"https:\/\/www.chaletskvacianska.sk\/wp-content\/uploads\/2023\/05\/kontakt-min-scaled.jpg","datePublished":"2023-05-02T12:33:59+00:00","dateModified":"2024-04-16T14:26:10+00:00","breadcrumb":{"@id":"https:\/\/www.chaletskvacianska.sk\/vysledky-vyhladavania\/#breadcrumb"},"inLanguage":"en-GB","potentialAction":[{"@type":"ReadAction","target":["https:\/\/www.chaletskvacianska.sk\/vysledky-vyhladavania\/"]}]},{"@type":"ImageObject","inLanguage":"en-GB","@id":"https:\/\/www.chaletskvacianska.sk\/vysledky-vyhladavania\/#primaryimage","url":"https:\/\/www.chaletskvacianska.sk\/wp-content\/uploads\/2023\/05\/kontakt-min-scaled.jpg","contentUrl":"https:\/\/www.chaletskvacianska.sk\/wp-content\/uploads\/2023\/05\/kontakt-min-scaled.jpg","width":2560,"height":604},{"@type":"BreadcrumbList","@id":"https:\/\/www.chaletskvacianska.sk\/vysledky-vyhladavania\/#breadcrumb","itemListElement":[{"@type":"ListItem","position":1,"name":"Home","item":"https:\/\/www.chaletskvacianska.sk\/"},{"@type":"ListItem","position":2,"name":"V\u00fdsledky vyh\u013ead\u00e1vania"}]},{"@type":"WebSite","@id":"https:\/\/www.chaletskvacianska.sk\/#website","url":"https:\/\/www.chaletskvacianska.sk\/","name":"Chalets Kva\u010dianska dolina","description":"Doprajte si relax v srdci pr\u00edrody, vychutn\u00e1vajte si va\u0161e ob\u013e\u00faben\u00e9 \u0161portov\u00e9 aktivity a objavujte tie najkraj\u0161ie miesta na Slovensku. V na\u0161ich unik\u00e1tnych chaletoch za\u017eijete dovolenku, na ktor\u00fa len tak skoro nezabudnete.","publisher":{"@id":"https:\/\/www.chaletskvacianska.sk\/#organization"},"potentialAction":[{"@type":"SearchAction","target":{"@type":"EntryPoint","urlTemplate":"https:\/\/www.chaletskvacianska.sk\/?s={search_term_string}"},"query-input":"required name=search_term_string"}],"inLanguage":"en-GB"},{"@type":"Organization","@id":"https:\/\/www.chaletskvacianska.sk\/#organization","name":"Chalets Kva\u010dianska dolina","url":"https:\/\/www.chaletskvacianska.sk\/","logo":{"@type":"ImageObject","inLanguage":"en-GB","@id":"https:\/\/www.chaletskvacianska.sk\/#\/schema\/logo\/image\/","url":"https:\/\/www.chaletskvacianska.sk\/wp-content\/uploads\/2023\/12\/Kvacianska-Logo-Gold.svg","contentUrl":"https:\/\/www.chaletskvacianska.sk\/wp-content\/uploads\/2023\/12\/Kvacianska-Logo-Gold.svg","caption":"Chalets Kva\u010dianska dolina"},"image":{"@id":"https:\/\/www.chaletskvacianska.sk\/#\/schema\/logo\/image\/"}}]}},"_links":{"self":[{"href":"https:\/\/www.chaletskvacianska.sk\/en\/wp-json\/wp\/v2\/pages\/1178"}],"collection":[{"href":"https:\/\/www.chaletskvacianska.sk\/en\/wp-json\/wp\/v2\/pages"}],"about":[{"href":"https:\/\/www.chaletskvacianska.sk\/en\/wp-json\/wp\/v2\/types\/page"}],"author":[{"embeddable":true,"href":"https:\/\/www.chaletskvacianska.sk\/en\/wp-json\/wp\/v2\/users\/1"}],"replies":[{"embeddable":true,"href":"https:\/\/www.chaletskvacianska.sk\/en\/wp-json\/wp\/v2\/comments?post=1178"}],"version-history":[{"count":7,"href":"https:\/\/www.chaletskvacianska.sk\/en\/wp-json\/wp\/v2\/pages\/1178\/revisions"}],"predecessor-version":[{"id":7326,"href":"https:\/\/www.chaletskvacianska.sk\/en\/wp-json\/wp\/v2\/pages\/1178\/revisions\/7326"}],"wp:featuredmedia":[{"embeddable":true,"href":"https:\/\/www.chaletskvacianska.sk\/en\/wp-json\/wp\/v2\/media\/1787"}],"wp:attachment":[{"href":"https:\/\/www.chaletskvacianska.sk\/en\/wp-json\/wp\/v2\/media?parent=1178"}],"curies":[{"name":"wp","href":"https:\/\/api.w.org\/{rel}","templated":true}]}}